{"id":37,"date":"2022-01-01T00:00:54","date_gmt":"2022-01-01T00:00:54","guid":{"rendered":"https:\/\/themify.me\/demo\/themes\/simple\/?page_id=90"},"modified":"2023-11-30T21:59:00","modified_gmt":"2023-11-30T21:59:00","slug":"inicio","status":"publish","type":"page","link":"https:\/\/ingetecnia.net\/","title":{"rendered":"Inicio"},"content":{"rendered":"<p><\/p>\n\n<!-- wp:themify-builder\/canvas \/-->","protected":false},"excerpt":{"rendered":"","protected":false},"author":1,"featured_media":0,"parent":0,"menu_order":0,"comment_status":"closed","ping_status":"closed","template":"","meta":{"footnotes":""},"class_list":["post-37","page","type-page","status-publish","hentry","has-post-title","has-post-date","has-post-category","has-post-tag","has-post-comment","has-post-author",""],"builder_content":"<img loading=\"lazy\" decoding=\"async\" src=\"https:\/\/ingetecnia.net\/wp-content\/uploads\/2022\/07\/ingetecnia-logo-1024x584-300x171.png\" width=\"300\" height=\"171\" title=\"Ingetecnia\" alt=\"Ingetecnia\" srcset=\"https:\/\/ingetecnia.net\/wp-content\/uploads\/2022\/07\/ingetecnia-logo-1024x584-300x171.png 300w, https:\/\/ingetecnia.net\/wp-content\/uploads\/2022\/07\/ingetecnia-logo-1024x584.png 1024w, https:\/\/ingetecnia.net\/wp-content\/uploads\/2022\/07\/ingetecnia-logo-768x438.png 768w, https:\/\/ingetecnia.net\/wp-content\/uploads\/2022\/07\/ingetecnia-logo-1536x876.png 1536w, https:\/\/ingetecnia.net\/wp-content\/uploads\/2022\/07\/ingetecnia-logo-2048x1168.png 2048w\" sizes=\"auto, (max-width: 300px) 100vw, 300px\" \/>\n<img loading=\"lazy\" decoding=\"async\" src=\"https:\/\/ingetecnia.net\/wp-content\/uploads\/2022\/07\/open-book-50x50.png\" width=\"50\" height=\"50\" title=\"open-book\" alt=\"open-book\" srcset=\"https:\/\/ingetecnia.net\/wp-content\/uploads\/2022\/07\/open-book-50x50.png 50w, https:\/\/ingetecnia.net\/wp-content\/uploads\/2022\/07\/open-book.png 64w\" sizes=\"auto, (max-width: 50px) 100vw, 50px\" \/>\n<h3 style=\"text-align: center;\">\u00bfQUI\u00c9NES SOMOS?<\/h3>\n<p style=\"text-align: center;\">Ingetecnia Corp S.A.C. es una empresa peruana que tiene como funci\u00f3n principal la exploraci\u00f3n, explotaci\u00f3n y exportaci\u00f3n de minerales de hierro.<\/p>\n<img loading=\"lazy\" decoding=\"async\" src=\"https:\/\/ingetecnia.net\/wp-content\/uploads\/2022\/07\/valores-50x50.png\" width=\"50\" height=\"50\" title=\"valores\" alt=\"valores\" srcset=\"https:\/\/ingetecnia.net\/wp-content\/uploads\/2022\/07\/valores-50x50.png 50w, https:\/\/ingetecnia.net\/wp-content\/uploads\/2022\/07\/valores.png 128w\" sizes=\"auto, (max-width: 50px) 100vw, 50px\" \/>\n<h3 style=\"text-align: center;\">OBJETIVO<\/h3>\n<p style=\"text-align: justify;\">Desarrollar proyectos en el rubro minero, conformado por un conjunto de profesionales que nos ofrecen garant\u00eda, eficacia y eficiencia en cada uno de nuestras operaciones.<\/p>\n<img loading=\"lazy\" decoding=\"async\" src=\"https:\/\/ingetecnia.net\/wp-content\/uploads\/2022\/07\/mision-50x50.png\" width=\"50\" height=\"50\" title=\"mision\" alt=\"mision\" srcset=\"https:\/\/ingetecnia.net\/wp-content\/uploads\/2022\/07\/mision-50x50.png 50w, https:\/\/ingetecnia.net\/wp-content\/uploads\/2022\/07\/mision.png 128w\" sizes=\"auto, (max-width: 50px) 100vw, 50px\" \/>\n<h3 style=\"text-align: center;\">MISI\u00d3N<\/h3>\n<p style=\"text-align: justify;\">Hacer miner\u00eda con el fin de generar valor para nuestros colaboradores, accionistas y comunidades en las que se desarrollan las actividades.<\/p>\n<img loading=\"lazy\" decoding=\"async\" src=\"https:\/\/ingetecnia.net\/wp-content\/uploads\/2022\/07\/vision-50x50.png\" width=\"50\" height=\"50\" title=\"vision\" alt=\"vision\" srcset=\"https:\/\/ingetecnia.net\/wp-content\/uploads\/2022\/07\/vision-50x50.png 50w, https:\/\/ingetecnia.net\/wp-content\/uploads\/2022\/07\/vision.png 128w\" sizes=\"auto, (max-width: 50px) 100vw, 50px\" \/>\n<h3 style=\"text-align: center;\">VISI\u00d3N<\/h3>\n<p style=\"text-align: justify;\">Ser empresa l\u00edder en producci\u00f3n y comercializaci\u00f3n de minerales reconocida a nivel mundial.<\/p>\n<img loading=\"lazy\" decoding=\"async\" src=\"https:\/\/ingetecnia.net\/wp-content\/uploads\/2022\/07\/nuestros-valores-50x50.png\" width=\"50\" height=\"50\" title=\"nuestros-valores\" alt=\"nuestros-valores\" srcset=\"https:\/\/ingetecnia.net\/wp-content\/uploads\/2022\/07\/nuestros-valores-50x50.png 50w, https:\/\/ingetecnia.net\/wp-content\/uploads\/2022\/07\/nuestros-valores.png 64w\" sizes=\"auto, (max-width: 50px) 100vw, 50px\" \/>\n<h3 style=\"text-align: center;\"><strong>NUESTROS VALORES<\/strong><\/h3>\n<p style=\"text-align: justify;\">Ingetecnia Corp S.A.C. es una empresa \u00edntegra, no solo por la calidad de nuestros productos o servicios, sino que tambi\u00e9n nos enfocamos en la seguridad que podemos brindar, adem\u00e1s de la honestidad que hasta ahora nos destaca, creando y llevando acabo proyectos exitosos por la atenci\u00f3n altamente humanizada que todo cliente necesita sin exclusi\u00f3n.<\/p>\n<img loading=\"lazy\" decoding=\"async\" src=\"https:\/\/ingetecnia.net\/wp-content\/uploads\/2022\/07\/nuestros-servicios-50x50.png\" width=\"50\" height=\"50\" title=\"nuestros-servicios\" alt=\"nuestros-servicios\" srcset=\"https:\/\/ingetecnia.net\/wp-content\/uploads\/2022\/07\/nuestros-servicios-50x50.png 50w, https:\/\/ingetecnia.net\/wp-content\/uploads\/2022\/07\/nuestros-servicios.png 64w\" sizes=\"auto, (max-width: 50px) 100vw, 50px\" \/>\n<h3 style=\"text-align: center;\">NUESTROS SERVICIOS<\/h3>\n<p style=\"text-align: center;\">Desarrollo de proyectos mineros, producci\u00f3n, compra, venta y exportaci\u00f3n de minerales met\u00e1licos y no met\u00e1licos.<\/p>\n<img loading=\"lazy\" decoding=\"async\" src=\"https:\/\/ingetecnia.net\/wp-content\/uploads\/2022\/07\/contactenos-50x50.png\" width=\"50\" height=\"50\" title=\"contactenos\" alt=\"contactenos\" srcset=\"https:\/\/ingetecnia.net\/wp-content\/uploads\/2022\/07\/contactenos-50x50.png 50w, https:\/\/ingetecnia.net\/wp-content\/uploads\/2022\/07\/contactenos.png 128w\" sizes=\"auto, (max-width: 50px) 100vw, 50px\" \/>\n<h3 style=\"text-align: center;\">CONT\u00c1CTENOS<\/h3>\n<p style=\"text-align: justify;\">Para nosotros es muy importante estar en contacto con nuestros clientes y saber lo que piensan.<\/p>\n<p style=\"text-align: justify;\">Si tiene algo que decirnos, si\u00e9ntase libre de contactarnos a nuestros tel\u00e9fonos, correos electr\u00f3nicos o llenando el siguiente formulario.<\/p>\n<img loading=\"lazy\" decoding=\"async\" src=\"https:\/\/ingetecnia.net\/wp-content\/uploads\/2022\/07\/Mobile-phone-25x25.png\" width=\"25\" height=\"25\" title=\"Mobile-phone\" alt=\"Mobile-phone\">\n<p style=\"text-align: center;\">\u2060+51 981 423 398<\/p>\n<img loading=\"lazy\" decoding=\"async\" src=\"https:\/\/ingetecnia.net\/wp-content\/uploads\/2022\/07\/Email-25x25.png\" width=\"25\" height=\"25\" title=\"Email\" alt=\"Email\">\n<p style=\"text-align: center;\">administracion@ingetecnia.net<br>fulvio@ingetecnia.net<\/p>\n\n<p style=\"text-align: center;\">Av. 28 de julio 895 - Miraflores <br>Lima - Per\u00fa<\/p>","_links":{"self":[{"href":"https:\/\/ingetecnia.net\/index.php?rest_route=\/wp\/v2\/pages\/37","targetHints":{"allow":["GET"]}}],"collection":[{"href":"https:\/\/ingetecnia.net\/index.php?rest_route=\/wp\/v2\/pages"}],"about":[{"href":"https:\/\/ingetecnia.net\/index.php?rest_route=\/wp\/v2\/types\/page"}],"author":[{"embeddable":true,"href":"https:\/\/ingetecnia.net\/index.php?rest_route=\/wp\/v2\/users\/1"}],"replies":[{"embeddable":true,"href":"https:\/\/ingetecnia.net\/index.php?rest_route=%2Fwp%2Fv2%2Fcomments&post=37"}],"version-history":[{"count":26,"href":"https:\/\/ingetecnia.net\/index.php?rest_route=\/wp\/v2\/pages\/37\/revisions"}],"predecessor-version":[{"id":148,"href":"https:\/\/ingetecnia.net\/index.php?rest_route=\/wp\/v2\/pages\/37\/revisions\/148"}],"wp:attachment":[{"href":"https:\/\/ingetecnia.net\/index.php?rest_route=%2Fwp%2Fv2%2Fmedia&parent=37"}],"curies":[{"name":"wp","href":"https:\/\/api.w.org\/{rel}","templated":true}]}}